{"id":12,"date":"2005-04-26T21:59:40","date_gmt":"2005-04-26T18:59:40","guid":{"rendered":"http:\/\/www.helsinginkristosofit.info\/?page_id=12"},"modified":"2023-02-07T12:57:48","modified_gmt":"2023-02-07T10:57:48","slug":"linkit","status":"publish","type":"page","link":"https:\/\/www.helsinginkristosofit.info\/?page_id=12","title":{"rendered":"Linkit"},"content":{"rendered":"<p><a href=\"https:\/\/www.kristosofia.net\/\">Kristosofia nettisivut<\/a>\u00a0 Sis\u00e4lt\u00e4\u00e4 tietoa kirjoista ja musiikista<\/p>\n<p><a href=\"https:\/\/www.kristosofiaverkosto.fi\/toimintaa-eri-paikkakunnilla.htm\">https:\/\/www.kristosofiaverkosto.fi\/toimintaa-eri-paikkakunnilla.htm<\/a> Kristosofista toimintaa &#8211; esitelmi\u00e4 eri paikkakunnilla<\/p>\n<p><a href=\"http:\/\/www.kristosofia.fi\/\">Kristosofia <\/a><br \/>Kristosofinen kirjakauppa ja lainakirjasto<br \/>Rautatienkatu 8, 15100 Lahti<\/p>\n<p><a href=\"http:\/\/www.kristosofi.fi\/\">Kristosofi &#8211; lehti <\/a><br \/>Kristosofi kertoo Vuorisaarnan moraalista, aseettomasta el\u00e4m\u00e4ntavasta, j\u00e4lleensyntymisest\u00e4, karmasta, kehityksest\u00e4, uskontojen ja kansalliseeposten viisaudesta, enkelikunnista, aikamme suuresta murroskaudesta, ihmisten henkisest\u00e4 ykseydest\u00e4, veljeydest\u00e4, ihmiskunnan p\u00e4\u00e4m\u00e4\u00e4r\u00e4st\u00e4 el\u00e4m\u00e4n suuressa kehitysj\u00e4rjestelm\u00e4ss\u00e4&#8230;.<\/p>\n<p><a href=\"http:\/\/www.pekkaervast.net\/\">Pekka Ervast &#8211; el\u00e4m\u00e4 ja teot nettisivut <\/a><br \/>Nettisivusto jolle kootaan Pekka Ervastin kirjallista tuotantoa ja muuta Pekka Ervastin el\u00e4m\u00e4nty\u00f6h\u00f6n liittyv\u00e4\u00e4 aineistoa.<\/p>\n<p><a href=\"http:\/\/www.ihmisyydentunnustajat.fi\">Ihmisyyden Tunnustajat<\/a><br \/>Ihmisyyden tunnustajat on Martta Horjanderin perustama itsen\u00e4inen, rekister\u00f6im\u00e4t\u00f6n yhteenliittym\u00e4, jonka tarkoitus on toteuttaa Pekka Ervastin (1875-1934) teosofisia ihanteita k\u00e4yt\u00e4nn\u00f6n el\u00e4m\u00e4ss\u00e4 ja tehd\u00e4 niit\u00e4 tunnetuksi.<\/p>\n\n\n<p><\/p>\n","protected":false},"excerpt":{"rendered":"<p>Kristosofia nettisivut\u00a0 Sis\u00e4lt\u00e4\u00e4 tietoa kirjoista ja musiikista https:\/\/www.kristosofiaverkosto.fi\/toimintaa-eri-paikkakunnilla.htm Kristosofista toimintaa &#8211; esitelmi\u00e4 eri paikkakunnilla Kristosofia Kristosofinen kirjakauppa ja lainakirjastoRautatienkatu 8, 15100 Lahti Kristosofi &#8211; lehti Kristosofi kertoo Vuorisaarnan moraalista, aseettomasta el\u00e4m\u00e4ntavasta, j\u00e4lleensyntymisest\u00e4, karmasta, kehityksest\u00e4, uskontojen ja kansalliseeposten viisaudesta, enkelikunnista, aikamme &hellip; <a href=\"https:\/\/www.helsinginkristosofit.info\/?page_id=12\">Lue loppuun <span class=\"meta-nav\">&rarr;<\/span><\/a><\/p>\n","protected":false},"author":2,"featured_media":0,"parent":0,"menu_order":0,"comment_status":"closed","ping_status":"closed","template":"","meta":{"footnotes":""},"class_list":["post-12","page","type-page","status-publish","hentry"],"_links":{"self":[{"href":"https:\/\/www.helsinginkristosofit.info\/index.php?rest_route=\/wp\/v2\/pages\/12","targetHints":{"allow":["GET"]}}],"collection":[{"href":"https:\/\/www.helsinginkristosofit.info\/index.php?rest_route=\/wp\/v2\/pages"}],"about":[{"href":"https:\/\/www.helsinginkristosofit.info\/index.php?rest_route=\/wp\/v2\/types\/page"}],"author":[{"embeddable":true,"href":"https:\/\/www.helsinginkristosofit.info\/index.php?rest_route=\/wp\/v2\/users\/2"}],"replies":[{"embeddable":true,"href":"https:\/\/www.helsinginkristosofit.info\/index.php?rest_route=%2Fwp%2Fv2%2Fcomments&post=12"}],"version-history":[{"count":6,"href":"https:\/\/www.helsinginkristosofit.info\/index.php?rest_route=\/wp\/v2\/pages\/12\/revisions"}],"predecessor-version":[{"id":1055,"href":"https:\/\/www.helsinginkristosofit.info\/index.php?rest_route=\/wp\/v2\/pages\/12\/revisions\/1055"}],"wp:attachment":[{"href":"https:\/\/www.helsinginkristosofit.info\/index.php?rest_route=%2Fwp%2Fv2%2Fmedia&parent=12"}],"curies":[{"name":"wp","href":"https:\/\/api.w.org\/{rel}","templated":true}]}}