{"id":163,"date":"2010-04-24T17:43:32","date_gmt":"2010-04-24T14:43:32","guid":{"rendered":"http:\/\/www.helsinginkristosofit.info\/?page_id=163"},"modified":"2026-04-28T20:17:55","modified_gmt":"2026-04-28T18:17:55","slug":"tien-ohesta-ajankohtaista","status":"publish","type":"page","link":"https:\/\/www.helsinginkristosofit.info\/?page_id=163","title":{"rendered":"Tien ohesta &#8211; ajankohtaista"},"content":{"rendered":"<p><strong>Kristosofista kirjallisuutta myyd\u00e4\u00e4n ja lainataan Helsingiss\u00e4<\/strong> Kulmakatu 5 B 15, sis\u00e4pihalta,\u00a0 sunnuntaisin esitelmien yhteydess\u00e4. Muulloin tiedustelut puh. 040 865 2708. S\u00e4hk\u00f6posti: a.a.vasala@gmail.com<\/p>\n<p><strong>Kristosofinen kirjakauppa<\/strong> Rautatienkatu 8, 15100 Lahti.<br \/>\n&#8211; Avoinna lauantaisin klo 10\u201314.<br \/>\n&#8211; Kirjatilaukset: https:\/\/www.kristosofia.fi<br \/>\n<a href=\"https:\/\/www.kristosofia.fi\/\">Kristosofista kirjallisuutta<\/a><\/p>\n<p><strong>Kristosofista kirjallisuutta myyd\u00e4\u00e4n ja lainataan Tampereella<\/strong>, Tampellan esplanadi 3, 33100 Tampere esitelmien yhteydess\u00e4. Ja torstaisin klo 17 &#8211; 19.<\/p>\n<p><strong>Kristosofista kirjallisuutta<\/strong> myyd\u00e4\u00e4n Turussa, Aninkaistenkatu 5 A 5 esitelmien yhteydess\u00e4 ja muulloin numerosta 040 773 7168. My\u00f6s postimyynti. S\u00e4hk\u00f6posti: laila.siponen@gmail.com<\/p>\n<p><strong>Kristosofi-lehden tilauksia ja osoitteistoa<\/strong> hoitaa Raija Kiiski, puh. 050 544 6504. s\u00e4hk\u00f6posti: kiiskiraija@gmail.com. Muista ilmoittaa tilauksen yhteydess\u00e4 paitsi nimesi, my\u00f6s osoitteesi. <strong>Kristosofi-lehden tilaushinta vuodelle 2026 on 25 euroa.<\/strong> <strong>Uusille<\/strong> tilaajille <strong>15 euroa<\/strong>. Kaikki lahjatilaukset 15 euroa &#8211; esimerkiksi kirjastoihin ja yst\u00e4ville.<\/p>\n<p><strong>Kristosofinen Kirjallisuusseura r.y:n tilinumero:<\/strong> FI95 5045 0620 1743 48. Lehtitilausmaksun viitenumero on 8002.<\/p>\n<p><strong>Kristosofinen vuosi- ja veljesjuhla 5. &#8211; 6.4.2026<\/strong> on suunniteltu vietett\u00e4v\u00e4n Helsingin temppelill\u00e4 Kulmakatu 5 B 15.<\/p>\n<p><strong>Kristosofiset kes\u00e4kurssit<\/strong> on suunniteltu pidett\u00e4v\u00e4ksi 23.6. &#8211; 30.6.2026 Jyv\u00e4skyl\u00e4n kristosofi-temppeliss\u00e4, Kauppakatu 5. P\u00e4iv\u00e4kokouksissa tutkimme ensin nelj\u00e4n\u00e4 p\u00e4iv\u00e4n\u00e4 Pekka Ervastin kirjaa Ruusu-Ristin syntysanat Suomessa lukuja Salatiede ja Ruusu-Risti (s. 61 &#8211; 108), ja loppuviikolla kolmena p\u00e4iv\u00e4n\u00e4 V\u00e4in\u00f6 Lehtosen artikkelikokoelmaa Vaeltajan viesti alusta alkaen sivulle 29 asti (artikkelit vuosilta 1943 &#8211; 1945). Aamukokouksissa kuulemme luettavan J. R. Hannulan kirjaa Vallitseeko ihmisel\u00e4m\u00e4ss\u00e4 laki?<\/p>\n<p><strong>\u00a0<\/strong><\/p>\n","protected":false},"excerpt":{"rendered":"<p>Kristosofista kirjallisuutta myyd\u00e4\u00e4n ja lainataan Helsingiss\u00e4 Kulmakatu 5 B 15, sis\u00e4pihalta,\u00a0 sunnuntaisin esitelmien yhteydess\u00e4. Muulloin tiedustelut puh. 040 865 2708. S\u00e4hk\u00f6posti: a.a.vasala@gmail.com Kristosofinen kirjakauppa Rautatienkatu 8, 15100 Lahti. &#8211; Avoinna lauantaisin klo 10\u201314. &#8211; Kirjatilaukset: https:\/\/www.kristosofia.fi Kristosofista kirjallisuutta Kristosofista kirjallisuutta &hellip; <a href=\"https:\/\/www.helsinginkristosofit.info\/?page_id=163\">Lue loppuun <span class=\"meta-nav\">&rarr;<\/span><\/a><\/p>\n","protected":false},"author":1,"featured_media":0,"parent":0,"menu_order":0,"comment_status":"closed","ping_status":"closed","template":"","meta":{"footnotes":""},"class_list":["post-163","page","type-page","status-publish","hentry"],"_links":{"self":[{"href":"https:\/\/www.helsinginkristosofit.info\/index.php?rest_route=\/wp\/v2\/pages\/163","targetHints":{"allow":["GET"]}}],"collection":[{"href":"https:\/\/www.helsinginkristosofit.info\/index.php?rest_route=\/wp\/v2\/pages"}],"about":[{"href":"https:\/\/www.helsinginkristosofit.info\/index.php?rest_route=\/wp\/v2\/types\/page"}],"author":[{"embeddable":true,"href":"https:\/\/www.helsinginkristosofit.info\/index.php?rest_route=\/wp\/v2\/users\/1"}],"replies":[{"embeddable":true,"href":"https:\/\/www.helsinginkristosofit.info\/index.php?rest_route=%2Fwp%2Fv2%2Fcomments&post=163"}],"version-history":[{"count":88,"href":"https:\/\/www.helsinginkristosofit.info\/index.php?rest_route=\/wp\/v2\/pages\/163\/revisions"}],"predecessor-version":[{"id":1360,"href":"https:\/\/www.helsinginkristosofit.info\/index.php?rest_route=\/wp\/v2\/pages\/163\/revisions\/1360"}],"wp:attachment":[{"href":"https:\/\/www.helsinginkristosofit.info\/index.php?rest_route=%2Fwp%2Fv2%2Fmedia&parent=163"}],"curies":[{"name":"wp","href":"https:\/\/api.w.org\/{rel}","templated":true}]}}