{"id":235,"date":"2013-01-14T22:39:47","date_gmt":"2013-01-14T20:39:47","guid":{"rendered":"http:\/\/www.helsinginkristosofit.info\/?page_id=235"},"modified":"2013-01-14T22:41:51","modified_gmt":"2013-01-14T20:41:51","slug":"karman-voittaminen","status":"publish","type":"page","link":"https:\/\/www.helsinginkristosofit.info\/?page_id=235","title":{"rendered":"Karman voittaminen"},"content":{"rendered":"<p>\ufeffPekka Ervastin kirjasta: Karma ja Sairaudet,<br \/>\note luvusta III \u201dMiten voitamme karman?, sivut 61 &#8211; 64<\/p>\n<p>Ja kun tutkimme, mit\u00e4 voima<br \/>\non, sanomme: voima on j\u00e4rke\u00e4, voima on juuri<br \/>\nsit\u00e4 henkist\u00e4 valoa, mist\u00e4 Jeesus puhuu. Se on<br \/>\npohjimmaltaan j\u00e4rke\u00e4, joka on valoa. Ja jos sa-<br \/>\nnomme, ett\u00e4 kaikki aineellinen on meillekin tii-<br \/>\nvistynytt\u00e4 valoa, saamme tiet\u00e4\u00e4, ett\u00e4 se valo on<br \/>\nvoimaa, ja se voima on j\u00e4rke\u00e4. Siis aineellinen<br \/>\nmaailma on tiivistynytt\u00e4 j\u00e4rke\u00e4, kaikki muoto on<br \/>\nkristallisoitua j\u00e4rke\u00e4. \u2014 T\u00e4m\u00e4 voi kuulostaa hie-<br \/>\nman oudolta, ja en tied\u00e4, voisiko joku luonnontie-<br \/>\nteilij\u00e4 sit\u00e4 hyv\u00e4ksy\u00e4. Min\u00e4 sanonkin, ett\u00e4 meid\u00e4n<br \/>\ntiedemiehemme eiv\u00e4t ole n\u00e4hneet sit\u00e4 yhteytt\u00e4,<br \/>\njoka on voiman ja j\u00e4rjen v\u00e4lill\u00e4. He eiv\u00e4t viel\u00e4<br \/>\nymm\u00e4rt\u00e4isi t\u00e4llaista puhetta. Mutta vanha viisaus<br \/>\non sanonut, \u2014 jonka sitten jokainen asianomainen<br \/>\ntutkija huomaa oikeaksi \u2014, ett\u00e4 j\u00e4rki on taval-<br \/>\nlaan aineen salaisuus. J\u00e4rki kaikkine luovine voi-<br \/>\nmineen, \u2014 esimerkiksi mielikuvituksineen \u2014, on<br \/>\nn\u00e4kym\u00e4t\u00f6n, sis\u00e4inen, henkinen valo, joka on ai-<br \/>\nneen salaisuus. Siis kaikki, mik\u00e4 meiss\u00e4 on ainet-<br \/>\nta, on j\u00e4rke\u00e4. <\/p>\n<p>Meh\u00e4n olemme monta kertaa puhu-<br \/>\nneet, ett\u00e4 me saimme t\u00e4m\u00e4n fyysillisen ruumiin<br \/>\nkuin lainaksi luonnolta, sill\u00e4 se on meit\u00e4 paljon<br \/>\nj\u00e4rkev\u00e4mpi, tiet\u00e4\u00e4 enemm\u00e4n kuin me. Ihmismi-<br \/>\nnuuksina emme ole kokeneet sit\u00e4, mit\u00e4 se tiet\u00e4\u00e4.<br \/>\nMeid\u00e4n minuutemme on l\u00e4hemp\u00e4n\u00e4 j\u00e4rkimaail-<br \/>\nmaa, on j\u00e4rkimaailman synnytt\u00e4m\u00e4 aineellisuus.<br \/>\nJa sent\u00e4hden se ei ole niin paljon kokenut, ei ole<br \/>\nniin vanha kuin fyysillinen ruumis. Sent\u00e4hden se<br \/>\nvoi ottaa oppia t\u00e4lt\u00e4 fyysilliselt\u00e4 ruumiilta. Sit\u00e4<br \/>\ntutkimalla me p\u00e4\u00e4semme monen asian perille,<br \/>\nkoska meid\u00e4n fyysillinen ruumiimme on tiivisty-<br \/>\nnytt\u00e4 valoa, j\u00e4rke\u00e4. Ja kun katselemme ihmist\u00e4,<br \/>\nhuomaamme, ett\u00e4 meid\u00e4n olemuksemme on heik-<br \/>\nkoa valoa, ja sen ymp\u00e4rille on ker\u00e4\u00e4ntynyt kai-<br \/>\nkenlaista sellaista, joka on pime\u00e4mp\u00e4\u00e4 valoa. Se<br \/>\non meid\u00e4n astraalis-mentaalinen auramme. Kaikki<br \/>\nse on meid\u00e4n j\u00e4rki-min\u00e4mme ymp\u00e4rill\u00e4, peitt\u00e4en<br \/>\nsit\u00e4 ja osoittaen samalla, ett\u00e4 se ei ole viel\u00e4 t\u00e4y-<br \/>\ndellisesti valon poika. Koko tunne- ja tahtomaail-<br \/>\nmamme on siin\u00e4 aurassa, joka on kokoonpantu ei<br \/>\nainoastaan kirkkaista vaan raskaistakin v\u00e4reist\u00e4.<br \/>\nNe ovat tiivistynytt\u00e4 j\u00e4rke\u00e4 olentomme ymp\u00e4rill\u00e4.<\/p>\n<p>Ja sitten meill\u00e4 on t\u00e4m\u00e4 fyysillinen ruumis laina-<br \/>\nna, joka on enimmin tiivistynytt\u00e4 valoa. Sen<br \/>\navulla k\u00e4ymme koulua t\u00e4ss\u00e4 n\u00e4kyv\u00e4ss\u00e4 j\u00e4rki-<br \/>\nmaailmassa. Ja nyt meid\u00e4n pit\u00e4isi t\u00e4ss\u00e4 muotojen<br \/>\nmaailmassa, t\u00e4ss\u00e4 viisaasti j\u00e4rjestetyss\u00e4 kosmok-<br \/>\nsessa, ihmishenkin\u00e4, henkiolentoina tuoda rak-<br \/>\nkautta t\u00e4h\u00e4n maailmaan. Sill\u00e4 sit\u00e4 mukaa, kun<br \/>\nme tuomme rakkautta siihen, kaikki aineellisuus,<br \/>\nsen monissa pimeysasteissa, valaistuu, sill\u00e4 rakkaus<br \/>\ntuo aina mukanaan mit\u00e4 kauneinta, kirkkainta va-<br \/>\nloa eli j\u00e4rke\u00e4. Puhdas j\u00e4rki eli jumalallinen viisaus<br \/>\non tuon rakkauden hienoin ruumis, sen hienoin il-<br \/>\nmaus. Sent\u00e4hden, jos me ihmiset osaisimme olla<br \/>\n\u2018omaa sis\u00e4isint\u00e4, jumalallista itse\u00e4mme, joka on<br \/>\nrakkaus, silloin my\u00f6s meid\u00e4n koko olemuksemme<br \/>\nmuuttuisi puhtaaksi j\u00e4rjeksi eli valoksi. Silloin<br \/>\nme loistaisimme. Siksih\u00e4n Jeesuskin juuri sanoo:<br \/>\n\u201eTeid\u00e4n valonne pit\u00e4\u00e4 loistaa. Teid\u00e4n pit\u00e4\u00e4 niin<br \/>\nyhdist\u00e4\u00e4 itsenne rakkauden olemukseen, j\u00e4rkeen,<br \/>\nett\u00e4 se muoto, joka teit\u00e4 ymp\u00e4r\u00f6i, silloin loistaa.\u201d<\/p>\n<p>N\u00e4m\u00e4 ovat salaper\u00e4isi\u00e4 asioita er\u00e4\u00e4lt\u00e4 kannalta<br \/>\nkatsoen, mutta toiselta kannalta sellaisia, ett\u00e4 niist\u00e4<br \/>\nt\u00e4ytyy puhua. \u2014 Silloin karman voittaminen ta-<br \/>\npahtuu sill\u00e4 tavalla, ett\u00e4 me tulemme omaksi itsek-<br \/>\nsemme, siksi mit\u00e4 me olemme. Rakkautta me<br \/>\nolemme, ja me tulemme rakkaudeksi, joka ilmen-<br \/>\nneen\u00e4 on viisautta, sill\u00e4 rakkaus ei voi olla ilmen-<br \/>\nneen\u00e4 ilman j\u00e4rke\u00e4 ja viisautta. Hyvyys tulee vii-<br \/>\nsaudeksi. Sent\u00e4hden me olemme t\u00e4\u00e4ll\u00e4 oppimassa<br \/>\nviisautta ja j\u00e4rke\u00e4. Viisautta ja j\u00e4rke\u00e4 emme opi,<br \/>\nemmek\u00e4 voi tulla valoksi, ellemme tule my\u00f6skin<br \/>\nsiksi, mit\u00e4 olemme henkisesti. Sill\u00e4 viisaus ja j\u00e4rki<br \/>\non meid\u00e4n mahdollisuutemme. Henkisesti me<br \/>\nolemme rakkautta. Ilman rakkautta emme voi tulla<br \/>\nvaloksi. <strong>Ja koko karma haihtuu siihen kirkkaa-<br \/>\nseen valoon, joka on rakkauden ilmennyst\u00e4. Sii-<br \/>\nhen haihtuvat kaikki voimat, jotka saavat h\u00e4i-<br \/>\nri\u00f6it\u00e4 ja k\u00e4rsimyksi\u00e4 aikaan.<\/strong> \u2014 N\u00e4in paljon k\u00e4y-<br \/>\nt\u00e4nn\u00f6llist\u00e4 salatiedett\u00e4 me jokainen voimme ym-<br \/>\nm\u00e4rt\u00e4\u00e4.<\/p>\n","protected":false},"excerpt":{"rendered":"<p>\ufeffPekka Ervastin kirjasta: Karma ja Sairaudet, ote luvusta III \u201dMiten voitamme karman?, sivut 61 &#8211; 64 Ja kun tutkimme, mit\u00e4 voima on, sanomme: voima on j\u00e4rke\u00e4, voima on juuri sit\u00e4 henkist\u00e4 valoa, mist\u00e4 Jeesus puhuu. Se on pohjimmaltaan j\u00e4rke\u00e4, joka &hellip; <a href=\"https:\/\/www.helsinginkristosofit.info\/?page_id=235\">Lue loppuun <span class=\"meta-nav\">&rarr;<\/span><\/a><\/p>\n","protected":false},"author":2,"featured_media":0,"parent":0,"menu_order":0,"comment_status":"closed","ping_status":"closed","template":"","meta":{"footnotes":""},"class_list":["post-235","page","type-page","status-publish","hentry"],"_links":{"self":[{"href":"https:\/\/www.helsinginkristosofit.info\/index.php?rest_route=\/wp\/v2\/pages\/235","targetHints":{"allow":["GET"]}}],"collection":[{"href":"https:\/\/www.helsinginkristosofit.info\/index.php?rest_route=\/wp\/v2\/pages"}],"about":[{"href":"https:\/\/www.helsinginkristosofit.info\/index.php?rest_route=\/wp\/v2\/types\/page"}],"author":[{"embeddable":true,"href":"https:\/\/www.helsinginkristosofit.info\/index.php?rest_route=\/wp\/v2\/users\/2"}],"replies":[{"embeddable":true,"href":"https:\/\/www.helsinginkristosofit.info\/index.php?rest_route=%2Fwp%2Fv2%2Fcomments&post=235"}],"version-history":[{"count":2,"href":"https:\/\/www.helsinginkristosofit.info\/index.php?rest_route=\/wp\/v2\/pages\/235\/revisions"}],"predecessor-version":[{"id":237,"href":"https:\/\/www.helsinginkristosofit.info\/index.php?rest_route=\/wp\/v2\/pages\/235\/revisions\/237"}],"wp:attachment":[{"href":"https:\/\/www.helsinginkristosofit.info\/index.php?rest_route=%2Fwp%2Fv2%2Fmedia&parent=235"}],"curies":[{"name":"wp","href":"https:\/\/api.w.org\/{rel}","templated":true}]}}