{"id":37,"date":"2005-11-14T23:09:20","date_gmt":"2005-11-14T20:09:20","guid":{"rendered":"http:\/\/www.helsinginkristosofit.info\/?page_id=37"},"modified":"2026-03-02T15:44:50","modified_gmt":"2026-03-02T13:44:50","slug":"helsingin-esitelmat","status":"publish","type":"page","link":"https:\/\/www.helsinginkristosofit.info\/?page_id=37","title":{"rendered":"Helsingin esitelm\u00e4t"},"content":{"rendered":"<p><strong>Helsingin Kristosofi ryhm\u00e4n j\u00e4rjest\u00e4m\u00e4t esitelm\u00e4tilaisuudet Kulmakatu 5 B 15, sis\u00e4piha Esitelm\u00e4t alkavat kello 13:00<\/strong><\/p>\n<p>&nbsp;<\/p>\n<p>Pvm.\t  Esitelm\u00f6itsij\u00e4, Esitelm\u00e4n aihe<\/p>\n<p>18.01. Timo Muurinen, Loot ja suolapatsas<\/p>\n<p>25.01. Hilkka Lampinen, Aurinkotemppeli<\/p>\n<p>08.02. Kristosofisen kirjallisuuden esittely\u00e4 aiheesta &#8221;T\u00e4htivoimat&#8221; <\/p>\n<p>01.03. Pirkko Wiggenhauser, Henkev\u00e4 alkukristillisyyden aika<\/p>\n<p>08.03. Timo Muurinen, El\u00e4v\u00e4 usko<\/p>\n<p>22.03. Ky\u00f6sti Niiranen, Mit\u00e4 kuolema meille opettaa?<\/p>\n<p>05.04. Hilkka Lampinen, H\u00e4\u00e4t Pohjolassa<\/p>\n<p>06.04. Sinikka Savolainen, Veneen valitus<\/p>\n<p>Muutokset ja lis\u00e4ykset mahdollisia. Kristosofista kirjallisuutta myyd\u00e4\u00e4n esitelmien yhteydess\u00e4.<\/p>\n\n<p><\/p>\n","protected":false},"excerpt":{"rendered":"<p>Helsingin Kristosofi ryhm\u00e4n j\u00e4rjest\u00e4m\u00e4t esitelm\u00e4tilaisuudet Kulmakatu 5 B 15, sis\u00e4piha Esitelm\u00e4t alkavat kello 13:00 &nbsp; Pvm. Esitelm\u00f6itsij\u00e4, Esitelm\u00e4n aihe 18.01. Timo Muurinen, Loot ja suolapatsas 25.01. Hilkka Lampinen, Aurinkotemppeli 08.02. Kristosofisen kirjallisuuden esittely\u00e4 aiheesta &#8221;T\u00e4htivoimat&#8221; 01.03. Pirkko Wiggenhauser, Henkev\u00e4 alkukristillisyyden &hellip; <a href=\"https:\/\/www.helsinginkristosofit.info\/?page_id=37\">Lue loppuun <span class=\"meta-nav\">&rarr;<\/span><\/a><\/p>\n","protected":false},"author":2,"featured_media":0,"parent":0,"menu_order":0,"comment_status":"open","ping_status":"open","template":"","meta":{"footnotes":""},"class_list":["post-37","page","type-page","status-publish","hentry"],"_links":{"self":[{"href":"https:\/\/www.helsinginkristosofit.info\/index.php?rest_route=\/wp\/v2\/pages\/37","targetHints":{"allow":["GET"]}}],"collection":[{"href":"https:\/\/www.helsinginkristosofit.info\/index.php?rest_route=\/wp\/v2\/pages"}],"about":[{"href":"https:\/\/www.helsinginkristosofit.info\/index.php?rest_route=\/wp\/v2\/types\/page"}],"author":[{"embeddable":true,"href":"https:\/\/www.helsinginkristosofit.info\/index.php?rest_route=\/wp\/v2\/users\/2"}],"replies":[{"embeddable":true,"href":"https:\/\/www.helsinginkristosofit.info\/index.php?rest_route=%2Fwp%2Fv2%2Fcomments&post=37"}],"version-history":[{"count":159,"href":"https:\/\/www.helsinginkristosofit.info\/index.php?rest_route=\/wp\/v2\/pages\/37\/revisions"}],"predecessor-version":[{"id":1339,"href":"https:\/\/www.helsinginkristosofit.info\/index.php?rest_route=\/wp\/v2\/pages\/37\/revisions\/1339"}],"wp:attachment":[{"href":"https:\/\/www.helsinginkristosofit.info\/index.php?rest_route=%2Fwp%2Fv2%2Fmedia&parent=37"}],"curies":[{"name":"wp","href":"https:\/\/api.w.org\/{rel}","templated":true}]}}